{"id":8,"date":"2019-02-28T19:46:35","date_gmt":"2019-02-28T18:46:35","guid":{"rendered":"http:\/\/arcus-cf.com\/?page_id=8"},"modified":"2020-03-08T18:11:31","modified_gmt":"2020-03-08T17:11:31","slug":"senior-team","status":"publish","type":"page","link":"https:\/\/arcus-cf.com\/index.php\/senior-team\/","title":{"rendered":"Senior team"},"content":{"rendered":"<div data-colibri-id=\"8-c1\" class=\"style-251 style-local-8-c1 position-relative\">\n  <!---->\n  <div data-colibri-component=\"section\" data-colibri-id=\"8-c2\" id=\"team\" class=\"h-section h-section-global-spacing d-flex align-items-lg-center align-items-md-center align-items-center style-255 style-local-8-c2 position-relative\">\n    <!---->\n    <!---->\n    <div class=\"h-section-grid-container h-section-boxed-container\">\n      <!---->\n      <div data-colibri-id=\"8-c3\" class=\"h-row-container gutters-row-lg-3 gutters-row-md-3 gutters-row-2 gutters-row-v-lg-3 gutters-row-v-md-3 gutters-row-v-3 style-256 style-local-8-c3 position-relative\">\n        <!---->\n        <div class=\"h-row justify-content-lg-center justify-content-md-center justify-content-center align-items-lg-stretch align-items-md-stretch align-items-stretch gutters-col-lg-3 gutters-col-md-3 gutters-col-2 gutters-col-v-lg-3 gutters-col-v-md-3 gutters-col-v-3\">\n          <!---->\n          <div class=\"h-column h-column-container d-flex h-col-lg-3 h-col-md-6 h-col-12 style-257-outer style-local-8-c4-outer\">\n            <div data-colibri-id=\"8-c4\" class=\"d-flex h-flex-basis h-column__inner h-px-lg-0 h-px-md-0 h-px-0 v-inner-lg-0 v-inner-md-0 v-inner-0 style-257 style-local-8-c4 position-relative\">\n              <!---->\n              <!---->\n              <div class=\"w-100 h-y-container h-column__content h-column__v-align flex-basis-100 align-self-lg-start align-self-md-start align-self-start\">\n                <!---->\n                <div data-colibri-id=\"8-c5\" class=\"d-block style-258 style-local-8-c5 position-relative h-element\">\n                  <!---->\n                  <div class=\"h-image__frame-container-outer\">\n                    <a href=\"http:\/\/arcus-cf.com\/index.php\/vincent-negre\/\" h-use-smooth-scroll=\"true\" class=\"image-link\">\n                      <div class=\"h-image__frame-container\">\n                        <!---->\n                        <!---->\n                        <img decoding=\"async\" width=\"200\" height=\"275\" src=\"https:\/\/arcus-cf.com\/wp-content\/uploads\/2019\/02\/cropped-cropped-VN-bw-1-1.jpg\" class=\"wp-image-971 style-258-image style-local-8-c5-image\" alt=\"\" \/>\n                        <div class=\"h-image__frame h-hide-lg h-hide-md h-hide-sm style-258-frameImage style-local-8-c5-frameImage\"><\/div>\n                      <\/div>\n                    <\/a>\n                  <\/div>\n                <\/div>\n                <div data-colibri-id=\"8-c6\" class=\"h-row-container gutters-row-lg-0 gutters-row-md-0 gutters-row-0 gutters-row-v-lg-0 gutters-row-v-md-0 gutters-row-v-0 style-259 style-local-8-c6 position-relative\">\n                  <!---->\n                  <div class=\"h-row justify-content-lg-center justify-content-md-center justify-content-center align-items-lg-stretch align-items-md-stretch align-items-stretch gutters-col-lg-0 gutters-col-md-0 gutters-col-0 gutters-col-v-lg-0 gutters-col-v-md-0 gutters-col-v-0\">\n                    <!---->\n                    <div class=\"h-column h-column-container d-flex h-col-lg-auto h-col-md-auto h-col-auto style-260-outer style-local-8-c7-outer\">\n                      <div data-colibri-id=\"8-c7\" class=\"d-flex h-flex-basis h-column__inner h-px-lg-2 h-px-md-2 h-px-2 v-inner-lg-2 v-inner-md-2 v-inner-2 style-260 style-local-8-c7 position-relative\">\n                        <!---->\n                        <!---->\n                        <div class=\"w-100 h-y-container h-column__content h-column__v-align flex-basis-100 align-self-lg-start align-self-md-start align-self-start\">\n                          <!---->\n                          <div data-colibri-id=\"8-c8\" class=\"h-global-transition-all h-heading style-261 style-local-8-c8 position-relative h-element\">\n                            <!---->\n                            <!---->\n                            <a href=\"http:\/\/arcus-cf.com\/index.php\/vincent-negre\/\" h-use-smooth-scroll=\"true\">\n                              <h4 class=\"\">Vincent N\u00e8gre<\/h4>\n                            <\/a>\n                          <\/div>\n                        <\/div>\n                      <\/div>\n                    <\/div>\n                  <\/div>\n                <\/div>\n              <\/div>\n            <\/div>\n          <\/div>\n          <div class=\"h-column h-column-container d-flex h-col-lg-3 h-col-md-6 h-col-12 style-257-outer style-local-8-c9-outer\">\n            <div data-colibri-id=\"8-c9\" class=\"d-flex h-flex-basis h-column__inner h-px-lg-0 h-px-md-0 h-px-0 v-inner-lg-0 v-inner-md-0 v-inner-0 style-257 style-local-8-c9 position-relative\">\n              <!---->\n              <!---->\n              <div class=\"w-100 h-y-container h-column__content h-column__v-align flex-basis-100 align-self-lg-start align-self-md-start align-self-start\">\n                <!---->\n                <div data-colibri-id=\"8-c10\" class=\"d-block style-258 style-local-8-c10 position-relative h-element\">\n                  <!---->\n                  <div class=\"h-image__frame-container-outer\">\n                    <a href=\"http:\/\/arcus-cf.com\/index.php\/stephane-ferrie\/\" h-use-smooth-scroll=\"true\" class=\"image-link\">\n                      <div class=\"h-image__frame-container\">\n                        <!---->\n                        <!---->\n                        <img decoding=\"async\" src=\"https:\/\/arcus-cf.com\/wp-content\/uploads\/2019\/02\/cropped-Stephane-Ferrie-e1551580190269.png\" class=\"style-258-image style-local-8-c10-image\">\n                        <div class=\"h-image__frame h-hide-lg h-hide-md h-hide-sm style-258-frameImage style-local-8-c10-frameImage\"><\/div>\n                      <\/div>\n                    <\/a>\n                  <\/div>\n                <\/div>\n                <div data-colibri-id=\"8-c11\" class=\"h-row-container gutters-row-lg-0 gutters-row-md-0 gutters-row-0 gutters-row-v-lg-0 gutters-row-v-md-0 gutters-row-v-0 style-259 style-local-8-c11 position-relative\">\n                  <!---->\n                  <div class=\"h-row justify-content-lg-center justify-content-md-center justify-content-center align-items-lg-stretch align-items-md-stretch align-items-stretch gutters-col-lg-0 gutters-col-md-0 gutters-col-0 gutters-col-v-lg-0 gutters-col-v-md-0 gutters-col-v-0\">\n                    <!---->\n                    <div class=\"h-column h-column-container d-flex h-col-lg-auto h-col-md-auto h-col-auto style-260-outer style-local-8-c12-outer\">\n                      <div data-colibri-id=\"8-c12\" class=\"d-flex h-flex-basis h-column__inner h-px-lg-2 h-px-md-2 h-px-2 v-inner-lg-2 v-inner-md-2 v-inner-2 style-260 style-local-8-c12 position-relative\">\n                        <!---->\n                        <!---->\n                        <div class=\"w-100 h-y-container h-column__content h-column__v-align flex-basis-100 align-self-lg-start align-self-md-start align-self-start\">\n                          <!---->\n                          <div data-colibri-id=\"8-c13\" class=\"h-global-transition-all h-heading style-261 style-local-8-c13 position-relative h-element\">\n                            <!---->\n                            <!---->\n                            <a href=\"http:\/\/arcus-cf.com\/index.php\/stephane-ferrie\/\" h-use-smooth-scroll=\"true\">\n                              <h4 class=\"\">St\u00e9phane Ferri\u00e9<\/h4>\n                            <\/a>\n                          <\/div>\n                        <\/div>\n                      <\/div>\n                    <\/div>\n                  <\/div>\n                <\/div>\n              <\/div>\n            <\/div>\n          <\/div>\n        <\/div>\n      <\/div>\n    <\/div>\n  <\/div>\n<\/div>","protected":false},"excerpt":{"rendered":"<p>Vincent N\u00e8gre St\u00e9phane Ferri\u00e9<\/p>\n","protected":false},"author":1,"featured_media":0,"parent":0,"menu_order":0,"comment_status":"closed","ping_status":"closed","template":"page-templates\/full-width-page.php","meta":{"footnotes":""},"yoast_head":"<!-- This site is optimized with the Yoast SEO plugin v21.0 - https:\/\/yoast.com\/wordpress\/plugins\/seo\/ -->\n<title>Senior team - Conseils en Fusions et Acquisitions<\/title>\n<meta name=\"description\" content=\"Arcus Capital Finance senior team. We combine significant M&amp;A transaction experience across a wide range of industries and geographies.\" \/>\n<meta name=\"robots\" content=\"index, follow, max-snippet:-1, max-image-preview:large, max-video-preview:-1\" \/>\n<link rel=\"canonical\" href=\"https:\/\/arcus-cf.com\/index.php\/senior-team\/\" \/>\n<meta property=\"og:locale\" content=\"fr_FR\" \/>\n<meta property=\"og:type\" content=\"article\" \/>\n<meta property=\"og:title\" content=\"Senior team - Conseils en Fusions et Acquisitions\" \/>\n<meta property=\"og:description\" content=\"Arcus Capital Finance senior team. We combine significant M&amp;A transaction experience across a wide range of industries and geographies.\" \/>\n<meta property=\"og:url\" content=\"https:\/\/arcus-cf.com\/index.php\/senior-team\/\" \/>\n<meta property=\"og:site_name\" content=\"Conseils en Fusions et Acquisitions\" \/>\n<meta property=\"article:modified_time\" content=\"2020-03-08T17:11:31+00:00\" \/>\n<meta property=\"og:image\" content=\"https:\/\/arcus-cf.com\/wp-content\/uploads\/2019\/02\/cropped-cropped-VN-bw-1-1.jpg\" \/>\n<meta name=\"twitter:card\" content=\"summary_large_image\" \/>\n<script type=\"application\/ld+json\" class=\"yoast-schema-graph\">{\"@context\":\"https:\/\/schema.org\",\"@graph\":[{\"@type\":\"WebPage\",\"@id\":\"https:\/\/arcus-cf.com\/index.php\/senior-team\/\",\"url\":\"https:\/\/arcus-cf.com\/index.php\/senior-team\/\",\"name\":\"Senior team - Conseils en Fusions et Acquisitions\",\"isPartOf\":{\"@id\":\"https:\/\/arcus-cf.com\/#website\"},\"datePublished\":\"2019-02-28T18:46:35+00:00\",\"dateModified\":\"2020-03-08T17:11:31+00:00\",\"description\":\"Arcus Capital Finance senior team. We combine significant M&A transaction experience across a wide range of industries and geographies.\",\"breadcrumb\":{\"@id\":\"https:\/\/arcus-cf.com\/index.php\/senior-team\/#breadcrumb\"},\"inLanguage\":\"fr-FR\",\"potentialAction\":[{\"@type\":\"ReadAction\",\"target\":[\"https:\/\/arcus-cf.com\/index.php\/senior-team\/\"]}]},{\"@type\":\"BreadcrumbList\",\"@id\":\"https:\/\/arcus-cf.com\/index.php\/senior-team\/#breadcrumb\",\"itemListElement\":[{\"@type\":\"ListItem\",\"position\":1,\"name\":\"Accueil\",\"item\":\"https:\/\/arcus-cf.com\/\"},{\"@type\":\"ListItem\",\"position\":2,\"name\":\"Senior team\"}]},{\"@type\":\"WebSite\",\"@id\":\"https:\/\/arcus-cf.com\/#website\",\"url\":\"https:\/\/arcus-cf.com\/\",\"name\":\"Conseils en Fusions et Acquisitions\",\"description\":\"\",\"publisher\":{\"@id\":\"https:\/\/arcus-cf.com\/#organization\"},\"potentialAction\":[{\"@type\":\"SearchAction\",\"target\":{\"@type\":\"EntryPoint\",\"urlTemplate\":\"https:\/\/arcus-cf.com\/?s={search_term_string}\"},\"query-input\":\"required name=search_term_string\"}],\"inLanguage\":\"fr-FR\"},{\"@type\":\"Organization\",\"@id\":\"https:\/\/arcus-cf.com\/#organization\",\"name\":\"Arcus Capital Finance\",\"url\":\"https:\/\/arcus-cf.com\/\",\"logo\":{\"@type\":\"ImageObject\",\"inLanguage\":\"fr-FR\",\"@id\":\"https:\/\/arcus-cf.com\/#\/schema\/logo\/image\/\",\"url\":\"https:\/\/arcus-cf.com\/wp-content\/uploads\/2019\/03\/cropped-Logo-New-Transparent-Futura-19-03-19-copy-1.png\",\"contentUrl\":\"https:\/\/arcus-cf.com\/wp-content\/uploads\/2019\/03\/cropped-Logo-New-Transparent-Futura-19-03-19-copy-1.png\",\"width\":250,\"height\":250,\"caption\":\"Arcus Capital Finance\"},\"image\":{\"@id\":\"https:\/\/arcus-cf.com\/#\/schema\/logo\/image\/\"},\"sameAs\":[\"https:\/\/www.linkedin.com\/company\/arcus-capital-finance\/\"]}]}<\/script>\n<!-- \/ Yoast SEO plugin. -->","yoast_head_json":{"title":"Senior team - Conseils en Fusions et Acquisitions","description":"Arcus Capital Finance senior team. We combine significant M&A transaction experience across a wide range of industries and geographies.","robots":{"index":"index","follow":"follow","max-snippet":"max-snippet:-1","max-image-preview":"max-image-preview:large","max-video-preview":"max-video-preview:-1"},"canonical":"https:\/\/arcus-cf.com\/index.php\/senior-team\/","og_locale":"fr_FR","og_type":"article","og_title":"Senior team - Conseils en Fusions et Acquisitions","og_description":"Arcus Capital Finance senior team. We combine significant M&A transaction experience across a wide range of industries and geographies.","og_url":"https:\/\/arcus-cf.com\/index.php\/senior-team\/","og_site_name":"Conseils en Fusions et Acquisitions","article_modified_time":"2020-03-08T17:11:31+00:00","og_image":[{"url":"https:\/\/arcus-cf.com\/wp-content\/uploads\/2019\/02\/cropped-cropped-VN-bw-1-1.jpg"}],"twitter_card":"summary_large_image","schema":{"@context":"https:\/\/schema.org","@graph":[{"@type":"WebPage","@id":"https:\/\/arcus-cf.com\/index.php\/senior-team\/","url":"https:\/\/arcus-cf.com\/index.php\/senior-team\/","name":"Senior team - Conseils en Fusions et Acquisitions","isPartOf":{"@id":"https:\/\/arcus-cf.com\/#website"},"datePublished":"2019-02-28T18:46:35+00:00","dateModified":"2020-03-08T17:11:31+00:00","description":"Arcus Capital Finance senior team. We combine significant M&A transaction experience across a wide range of industries and geographies.","breadcrumb":{"@id":"https:\/\/arcus-cf.com\/index.php\/senior-team\/#breadcrumb"},"inLanguage":"fr-FR","potentialAction":[{"@type":"ReadAction","target":["https:\/\/arcus-cf.com\/index.php\/senior-team\/"]}]},{"@type":"BreadcrumbList","@id":"https:\/\/arcus-cf.com\/index.php\/senior-team\/#breadcrumb","itemListElement":[{"@type":"ListItem","position":1,"name":"Accueil","item":"https:\/\/arcus-cf.com\/"},{"@type":"ListItem","position":2,"name":"Senior team"}]},{"@type":"WebSite","@id":"https:\/\/arcus-cf.com\/#website","url":"https:\/\/arcus-cf.com\/","name":"Conseils en Fusions et Acquisitions","description":"","publisher":{"@id":"https:\/\/arcus-cf.com\/#organization"},"potentialAction":[{"@type":"SearchAction","target":{"@type":"EntryPoint","urlTemplate":"https:\/\/arcus-cf.com\/?s={search_term_string}"},"query-input":"required name=search_term_string"}],"inLanguage":"fr-FR"},{"@type":"Organization","@id":"https:\/\/arcus-cf.com\/#organization","name":"Arcus Capital Finance","url":"https:\/\/arcus-cf.com\/","logo":{"@type":"ImageObject","inLanguage":"fr-FR","@id":"https:\/\/arcus-cf.com\/#\/schema\/logo\/image\/","url":"https:\/\/arcus-cf.com\/wp-content\/uploads\/2019\/03\/cropped-Logo-New-Transparent-Futura-19-03-19-copy-1.png","contentUrl":"https:\/\/arcus-cf.com\/wp-content\/uploads\/2019\/03\/cropped-Logo-New-Transparent-Futura-19-03-19-copy-1.png","width":250,"height":250,"caption":"Arcus Capital Finance"},"image":{"@id":"https:\/\/arcus-cf.com\/#\/schema\/logo\/image\/"},"sameAs":["https:\/\/www.linkedin.com\/company\/arcus-capital-finance\/"]}]}},"_links":{"self":[{"href":"https:\/\/arcus-cf.com\/index.php\/wp-json\/wp\/v2\/pages\/8"}],"collection":[{"href":"https:\/\/arcus-cf.com\/index.php\/wp-json\/wp\/v2\/pages"}],"about":[{"href":"https:\/\/arcus-cf.com\/index.php\/wp-json\/wp\/v2\/types\/page"}],"author":[{"embeddable":true,"href":"https:\/\/arcus-cf.com\/index.php\/wp-json\/wp\/v2\/users\/1"}],"replies":[{"embeddable":true,"href":"https:\/\/arcus-cf.com\/index.php\/wp-json\/wp\/v2\/comments?post=8"}],"version-history":[{"count":20,"href":"https:\/\/arcus-cf.com\/index.php\/wp-json\/wp\/v2\/pages\/8\/revisions"}],"predecessor-version":[{"id":1387,"href":"https:\/\/arcus-cf.com\/index.php\/wp-json\/wp\/v2\/pages\/8\/revisions\/1387"}],"wp:attachment":[{"href":"https:\/\/arcus-cf.com\/index.php\/wp-json\/wp\/v2\/media?parent=8"}],"curies":[{"name":"wp","href":"https:\/\/api.w.org\/{rel}","templated":true}]}}